{"id":2,"date":"2021-07-08T10:16:30","date_gmt":"2021-07-08T08:16:30","guid":{"rendered":"http:\/\/dedek.pl\/?page_id=2"},"modified":"2024-12-30T15:21:30","modified_gmt":"2024-12-30T14:21:30","slug":"przykladowa-strona","status":"publish","type":"page","link":"https:\/\/weselezycia.pl\/","title":{"rendered":"DEDEK PARK czyli multum pomys\u0142\u00f3w na organizacj\u0119 wesel, komunii, chrzcin, event\u00f3w, grilla, ognisk i innych imprez w zielonej przestrzeni Parku Skaryszewskim z widokiem na pi\u0119kny ogr\u00f3d r\u00f3\u017cany &#8211; rosarium"},"content":{"rendered":"\n<p>Jeste\u015bmy w samym centrum prawobrze\u017cnej Warszawy, a jednak w ciszy i otulinie Parku Skaryszewskiego. Tylko u nas mo\u017cna zorganizowa\u0107 wesele oraz ka\u017cd\u0105 inn\u0105 imprez\u0119 w Parku a zarazem nad brzegiem Jeziorka Kamionkowskiego. Oto co m\u00f3wi\u0105 o nas nasi Go\u015bcie:i<\/p>\n\n\n\n<blockquote class=\"wp-block-quote is-layout-flow wp-block-quote-is-layout-flow\"><p>W Dedek Park organizowali\u015bmy wesele. Ze wzgl\u0119du na pandemi\u0119, cz\u0119sto musieli\u015bmy modyfikowa\u0107 plan, liczb\u0119 go\u015bci, posi\u0142ki- nie by\u0142o \u017cadnych problem\u00f3w. Dobry kontakt z menad\u017cerk\u0105, pani\u0105 Monik\u0105- mo\u017cna wszystko spokojnie ustali\u0107, nawet rozwi\u0105zania niestandardowe.<\/p><p>Podczas przyj\u0119cia obs\u0142uga w maseczkach i r\u0119kawiczkach, dyskretna, profesjonalna. Posi\u0142ki smaczne, ciep\u0142e. Przystawki przepyszne- zw\u0142aszcza tatary. Istnieje te\u017c mo\u017cliwo\u015b\u0107 wynaj\u0119cia pokoi dla go\u015bci, w cenie jest wliczony pok\u00f3j dla m\u0142odej pary. Z ca\u0142ego serca polecam!<\/p><cite><a rel=\"noreferrer noopener\" href=\"https:\/\/www.google.com\/maps\/contrib\/102033696503257519499?hl=en-PL\" target=\"_blank\">Ewa Lubienska<\/a><\/cite><\/blockquote>\n\n\n\n<blockquote class=\"wp-block-quote is-layout-flow wp-block-quote-is-layout-flow\"><p>Obs\u0142uga super jak i miejsce cisza spok\u00f3j wy\u015bmienite jedzenie obs\u0142uga to samo na pewno wr\u00f3cimy tam.<\/p><cite><a rel=\"noreferrer noopener\" href=\"https:\/\/www.google.com\/maps\/contrib\/100969566363155085116?hl=en-PL\" target=\"_blank\">andrzej szymczak<\/a><\/cite><\/blockquote>\n\n\n\n<blockquote class=\"wp-block-quote is-layout-flow wp-block-quote-is-layout-flow\"><p>W lipcu 2017 organizowali\u015bmy wesel\u0119 w Dedek Park. Jeste\u015bmy zachwyceni!!! Od samego pocz\u0105tku organizacji i pierwszego spotkania do ostatniej chwili wesela. Nasz\u0105 organizatork\u0105 po stronie sali by\u0142a P. Monika, kt\u00f3ra jest bardzo sympatyczn\u0105 i profesjonaln\u0105 osob\u0105 wida\u0107, \u017ce ma ogromne do\u015bwiadczenie. Ceny wg nas przyst\u0119pne oczywi\u015bcie im wi\u0119cej go\u015bci tym taniej za talerzyk. U nas by\u0142a to impreza na 56 os\u00f3b sala jest du\u017ca ale przy uk\u0142adzie okr\u0105g\u0142ych stolik\u00f3w wygl\u0105da\u0142o idealnie. Sala mie\u015bci si\u0119 w parku w cudownej scenerii na tle parku r\u00f3\u017canego do kt\u00f3rego mo\u017cliwe jest bezpo\u015brednie wyj\u015bcie. Je\u015bli chodzi o sam\u0105 organizacj\u0119 &#8211; szeroki wyb\u00f3r da\u0144 &#8211; przy wyborze bardzo pomocne okaza\u0142y si\u0119 rady P.Moniki dania pyszne &#8211; bardzo nam i go\u015bciom smakowa\u0142y, wszystko \u015bwie\u017co przygotowane. Tort tak\u017ce by\u0142 w cenie &#8211; tak\u017ce pycha. Wszystko na czym nam zale\u017ca\u0142o by\u0142o uzgodnione bez problemu &#8211; nawet menu dla wegetarian cho\u0107 nawet my o tym nie pomy\u015bleli\u015bmy &#8211; to zapytanie pad\u0142o od P. Moniki, kt\u00f3ra przewidzia\u0142a wszystko. Szczerze polecam pi\u0119kne miejsce, \u015bwietne jedzenie, profesjonalna organizacja.<\/p><p>Dzi\u0119kujemy Pani Monice za przygotowaniem nam najlepszego wesela w \u017cyciu! \ud83d\ude42<\/p><cite><a rel=\"noreferrer noopener\" href=\"https:\/\/www.google.com\/maps\/contrib\/100969566363155085116?hl=en-PL\" target=\"_blank\">andrzej szymczak<\/a><\/cite><\/blockquote>\n\n\n\n<blockquote class=\"wp-block-quote is-layout-flow wp-block-quote-is-layout-flow\"><p>Wiejska enklawa w mie\u015bcie. Dobre jedzenie i picie. Obs\u0142uga wtopiona w t\u0142o, praktycznie niewidoczna. Du\u017co miejsc parkingowych. Mo\u017cna zrobi\u0107 imprez\u0119 na zam\u00f3wienie na nawet ponad sto os\u00f3b. Zrobione pod wiejsk\u0105 karczm\u0119.&nbsp;\u2026<\/p><cite><a rel=\"noreferrer noopener\" href=\"https:\/\/www.google.com\/maps\/contrib\/100969566363155085116?hl=en-PL\" target=\"_blank\">In\u017cynier<\/a><\/cite><\/blockquote>\n\n\n\n<blockquote class=\"wp-block-quote is-layout-flow wp-block-quote-is-layout-flow\"><p>Bardzo sympatyczne miejsce, kameralne, w\u015br\u00f3d zieleni, w samym \u015brodku parku a jednocze\u015bcie prawie w centrum Warszawy. Idealne miejsce na organizacj\u0119 jakiego\u015b przyj\u0119cia (wesele, komunia, obiad rodzinny itp.) Mi\u0142a obs\u0142uga, bardzo smaczne jedzenie, \u015bwietna lokalizacja. \u015awietnie si\u0119 bawili\u015bmy \ud83d\ude42<\/p><cite><a rel=\"noreferrer noopener\" href=\"https:\/\/www.google.com\/maps\/contrib\/104965178511004384004?hl=en-PL\" target=\"_blank\">Marta M<\/a><\/cite><\/blockquote>\n\n\n\n<blockquote class=\"wp-block-quote is-layout-flow wp-block-quote-is-layout-flow\"><p>Great place! Very nice staff and delicious dishes at the restaurant! (Original) \u0427\u0443\u0434\u043e\u0432\u0435 \u043c\u0456\u0441\u0446\u0435! \u0414\u0443\u0436\u0435 \u043f\u0440\u0438\u0454\u043c\u043d\u0438\u0439 \u043f\u0435\u0440\u0441\u043e\u043d\u0430\u043b \u0442\u0430 \u0441\u043c\u0430\u0447\u043d\u0456 \u0441\u0442\u0440\u0430\u0432\u0438 \u0443 \u0440\u0435\u0441\u0442\u043e\u0440\u0430\u043d\u0456!<\/p><cite><a rel=\"noreferrer noopener\" href=\"https:\/\/www.google.com\/maps\/contrib\/113577796020780872113?hl=en-PL\" target=\"_blank\">\u041b\u044e\u0431\u043e\u0432\u044c \u0421\u043e\u043b\u0434\u0430\u0442\u0435\u043d\u043a\u043e<\/a><\/cite><\/blockquote>\n\n\n\n<blockquote class=\"wp-block-quote is-layout-flow wp-block-quote-is-layout-flow\"><p>Ogranizowali\u015bmy w tym miejscu wesele. Obs\u0142uga, pani Manager spisali si\u0119 na medal! Wymiana talerzyk\u00f3w non stop, dbanie o komfort i \u015bwietny kontakt! To opinia nie tylko nasza, ale r\u00f3wnie\u017c naszych go\u015bci! Bardzo dobre jedzenie! \ud83d\ude42 Bardzo, bardzo dzi\u0119kujemy i polecamy \ud83d\ude42<\/p><cite><a rel=\"noreferrer noopener\" href=\"https:\/\/www.google.com\/maps\/contrib\/115034772163503130074?hl=en-PL\" target=\"_blank\">Karolina \u015awiderska<\/a><\/cite><\/blockquote>\n\n\n\n<blockquote class=\"wp-block-quote is-layout-flow wp-block-quote-is-layout-flow\"><p>Sympatyczna obs\u0142uga i og\u00f3lnie super extra \ud83d\udc4d\ud83d\ude09<\/p><cite><a rel=\"noreferrer noopener\" href=\"https:\/\/www.google.com\/maps\/contrib\/115034772163503130074?hl=en-PL\" target=\"_blank\">Karolina \u015awiderska<\/a><\/cite><\/blockquote>\n\n\n\n<blockquote class=\"wp-block-quote is-layout-flow wp-block-quote-is-layout-flow\"><p>Niebywale i urokliwe miejsce w \u015brodku miasta, cisza nastr\u00f3j fenomenalna kuchnia.<\/p><cite><a rel=\"noreferrer noopener\" href=\"https:\/\/www.google.com\/maps\/contrib\/104872874673491814156?hl=en-PL\" target=\"_blank\">Jurek Kozak<\/a><\/cite><\/blockquote>\n\n\n\n<p><\/p>\n","protected":false},"excerpt":{"rendered":"<p>Jeste\u015bmy w samym centrum prawobrze\u017cnej Warszawy, a jednak w ciszy i otulinie Parku Skaryszewskiego. Tylko u nas mo\u017cna zorganizowa\u0107 wesele &hellip; <a href=\"https:\/\/weselezycia.pl\/\" class=\"more-link\"><span class=\"more-button\">Continue Reading<span class=\"screen-reader-text\">DEDEK PARK czyli multum pomys\u0142\u00f3w na organizacj\u0119 wesel, komunii, chrzcin, event\u00f3w, grilla, ognisk i innych imprez w zielonej przestrzeni Parku Skaryszewskim z widokiem na pi\u0119kny ogr\u00f3d r\u00f3\u017cany &#8211; rosarium<\/span><\/span><\/a><\/p>\n","protected":false},"author":1,"featured_media":41,"parent":0,"menu_order":0,"comment_status":"closed","ping_status":"open","template":"","meta":{"footnotes":""},"class_list":["post-2","page","type-page","status-publish","has-post-thumbnail","hentry"],"_links":{"self":[{"href":"https:\/\/weselezycia.pl\/index.php?rest_route=\/wp\/v2\/pages\/2","targetHints":{"allow":["GET"]}}],"collection":[{"href":"https:\/\/weselezycia.pl\/index.php?rest_route=\/wp\/v2\/pages"}],"about":[{"href":"https:\/\/weselezycia.pl\/index.php?rest_route=\/wp\/v2\/types\/page"}],"author":[{"embeddable":true,"href":"https:\/\/weselezycia.pl\/index.php?rest_route=\/wp\/v2\/users\/1"}],"replies":[{"embeddable":true,"href":"https:\/\/weselezycia.pl\/index.php?rest_route=%2Fwp%2Fv2%2Fcomments&post=2"}],"version-history":[{"count":8,"href":"https:\/\/weselezycia.pl\/index.php?rest_route=\/wp\/v2\/pages\/2\/revisions"}],"predecessor-version":[{"id":68,"href":"https:\/\/weselezycia.pl\/index.php?rest_route=\/wp\/v2\/pages\/2\/revisions\/68"}],"wp:featuredmedia":[{"embeddable":true,"href":"https:\/\/weselezycia.pl\/index.php?rest_route=\/wp\/v2\/media\/41"}],"wp:attachment":[{"href":"https:\/\/weselezycia.pl\/index.php?rest_route=%2Fwp%2Fv2%2Fmedia&parent=2"}],"curies":[{"name":"wp","href":"https:\/\/api.w.org\/{rel}","templated":true}]}}